{"id":968,"date":"2022-05-24T15:53:05","date_gmt":"2022-05-24T13:53:05","guid":{"rendered":"https:\/\/residence-casarina.com\/?page_id=968"},"modified":"2023-09-19T13:22:31","modified_gmt":"2023-09-19T11:22:31","slug":"die-region","status":"publish","type":"page","link":"https:\/\/residence-casarina.com\/de\/die-region\/","title":{"rendered":"Die Region\u00a0"},"content":{"rendered":"<div class=\"wpb-content-wrapper\"><p>[vc_row css=&#8220;.vc_custom_1686922502843{padding-right: 10px !important;padding-left: 10px !important;}&#8220;][vc_column]\n\t\t\t<!-- START La region REVOLUTION SLIDER 6.7.38 --><p class=\"rs-p-wp-fix\"><\/p>\n\t\t\t<rs-module-wrap id=\"rev_slider_6_1_wrapper\" data-source=\"gallery\" style=\"visibility:hidden;background:transparent;padding:20px;margin:0px auto;margin-top:0;margin-bottom:0;\">\n\t\t\t\t<rs-module id=\"rev_slider_6_1\" style=\"\" data-version=\"6.7.38\">\n\t\t\t\t\t<rs-slides style=\"overflow: hidden; position: absolute;\">\n\t\t\t\t\t\t<rs-slide style=\"position: absolute;\" data-key=\"rs-42\" data-title=\"Slide\" data-anim=\"adpr:false;\" data-in=\"o:0;\" data-out=\"a:false;\">\n\t\t\t\t\t\t\t<img decoding=\"async\" src=\"\/\/residence-casarina.com\/wp-content\/plugins\/revslider\/sr6\/assets\/assets\/dummy.png\" alt=\"\" title=\"bonifacio-promenade-sur-les-falaises\" width=\"1800\" height=\"1000\" class=\"rev-slidebg tp-rs-img rs-lazyload\" data-lazyload=\"\/\/residence-casarina.com\/wp-content\/uploads\/2021\/12\/bonifacio-promenade-sur-les-falaises.jpg\" data-no-retina>\n<!---->\t\t\t\t\t<\/rs-slide>\n\t\t\t\t\t<\/rs-slides>\n\t\t\t\t<\/rs-module>\n\t\t\t\t<script>\n\t\t\t\t\tsetREVStartSize({c: 'rev_slider_6_1',rl:[1240,1024,778,480],el:[700],gw:[1240],gh:[700],type:'standard',justify:'',layout:'fullwidth',mh:\"0\"});if (window.RS_MODULES!==undefined && window.RS_MODULES.modules!==undefined && window.RS_MODULES.modules[\"revslider61\"]!==undefined) {window.RS_MODULES.modules[\"revslider61\"].once = false;window.revapi6 = undefined;if (window.RS_MODULES.checkMinimal!==undefined) window.RS_MODULES.checkMinimal()}\n\t\t\t\t<\/script>\n\t\t\t<\/rs-module-wrap>\n\t\t\t<!-- END REVOLUTION SLIDER -->\n[\/vc_column][\/vc_row][vc_row full_width=&#8220;stretch_row_content&#8220; css=&#8220;.vc_custom_1627481226197{padding-right: 15px !important;padding-left: 15px !important;}&#8220;][vc_column width=&#8220;1\/4&#8243;][\/vc_column][vc_column width=&#8220;1\/2&#8243;]<div class=\"ult-spacer spacer-69ea1b9b3b27e\" data-id=\"69ea1b9b3b27e\" data-height=\"100\" data-height-mobile=\"50\" data-height-tab=\"\" data-height-tab-portrait=\"\" data-height-mobile-landscape=\"\" style=\"clear:both;display:block;\"><\/div>[vc_custom_heading text=&#8220;Die Residenz Casarina, die ideale Lage,<br \/>\num den S\u00fcden Korsikas zu besuchen&#8220; font_container=&#8220;tag:h1|text_align:center|line_height:26px&#8220; use_theme_fonts=&#8220;yes&#8220;]<div class=\"ult-spacer spacer-69ea1b9b3b2a0\" data-id=\"69ea1b9b3b2a0\" data-height=\"20\" data-height-mobile=\"10\" data-height-tab=\"\" data-height-tab-portrait=\"\" data-height-mobile-landscape=\"\" style=\"clear:both;display:block;\"><\/div>[vc_column_text]<\/p>\n<p style=\"text-align: justify;\">In einer wilden und gesch\u00fctzten Umgebung bietet Ihnen unser Reiseziel von April bis Oktober eine Vielzahl von Aktivit\u00e4ten. Die Gelegenheit f\u00fcr Gro\u00df und Klein, intensive Momente zu teilen: Sport, Freizeit, zu Land, zu Wasser oder sogar in der Luft, in der Gruppe, mit der Familie oder allein.<\/p>\n<p>[\/vc_column_text]<div class=\"ult-spacer spacer-69ea1b9b3b2b6\" data-id=\"69ea1b9b3b2b6\" data-height=\"20\" data-height-mobile=\"10\" data-height-tab=\"\" data-height-tab-portrait=\"\" data-height-mobile-landscape=\"\" style=\"clear:both;display:block;\"><\/div>[vc_custom_heading text=&#8220;Bonifacio&#8220; font_container=&#8220;tag:h1|text_align:center|line_height:26px&#8220; use_theme_fonts=&#8220;yes&#8220;]<div class=\"ult-spacer spacer-69ea1b9b3b2c9\" data-id=\"69ea1b9b3b2c9\" data-height=\"20\" data-height-mobile=\"10\" data-height-tab=\"\" data-height-tab-portrait=\"\" data-height-mobile-landscape=\"\" style=\"clear:both;display:block;\"><\/div>[vc_column_text]<\/p>\n<p style=\"text-align: justify;\">Erobern Sie die kilometerlangen Wanderwege zwischen Strand und Macchia, die au\u00dfergew\u00f6hnliche Panoramen bieten, lassen Sie sich in die lokale Gastronomie einf\u00fchren und entdecken Sie die Geschichte Bonifacios, indem Sie die Bastion de l&#8217;Etendard besichtigen oder die 187 Stufen der Treppe des K\u00f6nigs von Aragon hinuntersteigen.<\/p>\n<p style=\"text-align: justify;\">Sie finden nicht weniger als 25 paradiesische Str\u00e4nde (10 davon in der Top-Liste der sch\u00f6nsten Str\u00e4nde Korsikas) mit kristallklarem Wasser und feinem Sand, die Sie w\u00e4hrend Ihres Aufenthalts ausprobieren und f\u00fcr gut befinden k\u00f6nnen! Sperone, la Rondinara, la Tonara und viele andere f\u00fcr einen Urlaub in 50 verschiedenen Blaut\u00f6nen.<\/p>\n<p style=\"text-align: justify;\">Ein Muss in Bonifacio ist das Naturschutzgebiet der Lavezzi-Inseln, ein Inselparadies, das nur wenige Minuten mit dem Boot entfernt liegt und seinen Charme dem kristallklaren Wasser verdankt, das von Granitbl\u00f6cken umgeben ist &#8211; Abwechslung garantiert! Hier kann man wunderbar schnorcheln, um den reichen Meeresboden zu beobachten, auf den Pfaden zu den verschiedenen Buchten wandern oder seine Sonnenbr\u00e4une perfektionieren.<\/p>\n<p style=\"text-align: justify;\">Das Reiseziel ist reich an Wassersportm\u00f6glichkeiten f\u00fcr einen sportlichen Aufenthalt: Segeln, Jetski, Tauchen, Paddeln, Kajakfahren usw&#8230;<\/p>\n<p>[\/vc_column_text]<div class=\"ult-spacer spacer-69ea1b9b3b2dc\" data-id=\"69ea1b9b3b2dc\" data-height=\"10\" data-height-mobile=\"10\" data-height-tab=\"10\" data-height-tab-portrait=\"\" data-height-mobile-landscape=\"\" style=\"clear:both;display:block;\"><\/div><style type=\"text\/css\" data-type=\"the7_shortcodes-inline-css\">#default-btn-e6919654aecf094242c52ec5eb7842f9.ico-right-side > i {\n  margin-right: 0px;\n  margin-left: 8px;\n}\n#default-btn-e6919654aecf094242c52ec5eb7842f9 > i {\n  margin-right: 8px;\n}\n<\/style><div class=\"btn-align-center\"><a href=\"https:\/\/residence-casarina.com\/de\/aktivitaeten\/\" class=\"default-btn-shortcode dt-btn dt-btn-m link-hover-off \" id=\"default-btn-e6919654aecf094242c52ec5eb7842f9\" title=\"Aktivit\u00e4ten\"><span>Unsere Aktivit\u00e4ten<\/span><\/a><\/div><div class=\"ult-spacer spacer-69ea1b9b3b3e5\" data-id=\"69ea1b9b3b3e5\" data-height=\"100\" data-height-mobile=\"50\" data-height-tab=\"\" data-height-tab-portrait=\"\" data-height-mobile-landscape=\"\" style=\"clear:both;display:block;\"><\/div>[\/vc_column][vc_column width=&#8220;1\/4&#8243;][\/vc_column][\/vc_row][vc_row full_width=&#8220;stretch_row_content&#8220; css=&#8220;.vc_custom_1627551429825{padding-right: 25px !important;padding-left: 25px !important;}&#8220;][vc_column width=&#8220;1\/2&#8243; css=&#8220;.vc_custom_1631289607964{margin-left: 0px !important;padding-left: 0px !important;}&#8220;][vc_single_image image=&#8220;908&#8243; img_size=&#8220;1000&#215;1000&#8243; alignment=&#8220;center&#8220; css=&#8220;.vc_custom_1653400738118{margin-bottom: 0px !important;margin-left: 0px !important;padding-bottom: 0px !important;padding-left: 0px !important;}&#8220;]<div class=\"ult-spacer spacer-69ea1b9b3b3fc\" data-id=\"69ea1b9b3b3fc\" data-height=\"25\" data-height-mobile=\"25\" data-height-tab=\"25\" data-height-tab-portrait=\"\" data-height-mobile-landscape=\"\" style=\"clear:both;display:block;\"><\/div>[vc_custom_heading text=&#8220;Porto Vecchio&#8220; font_container=&#8220;tag:h3|text_align:left&#8220; use_theme_fonts=&#8220;yes&#8220;]<div class=\"ult-spacer spacer-69ea1b9b3b40e\" data-id=\"69ea1b9b3b40e\" data-height=\"10\" data-height-mobile=\"10\" data-height-tab=\"10\" data-height-tab-portrait=\"\" data-height-mobile-landscape=\"\" style=\"clear:both;display:block;\"><\/div>[vc_column_text css=&#8220;.vc_custom_1653400382150{margin-bottom: 0px !important;}&#8220;]<\/p>\n<p style=\"text-align: justify;\">Die lebhafte Stadt Porto Vecchio, die nur 30 Minuten von Bonifacio entfernt liegt, wird Sie mit ihren gepflasterten Gassen, Boutiquen, Bars und ihrem h\u00fcbschen Hafen begeistern. Die Str\u00e4nde von Palombaggia und Santa Giulia sind ber\u00fchmt und beliebt. Nutzen Sie einen Tag, um an einem der Privatstr\u00e4nde, die der Badeort zu bieten hat, zu faulenzen.<\/p>\n<p>[\/vc_column_text]<div class=\"ult-spacer spacer-69ea1b9b3b420\" data-id=\"69ea1b9b3b420\" data-height=\"100\" data-height-mobile=\"50\" data-height-tab=\"\" data-height-tab-portrait=\"\" data-height-mobile-landscape=\"\" style=\"clear:both;display:block;\"><\/div>[\/vc_column][vc_column width=&#8220;1\/2&#8243; css=&#8220;.vc_custom_1631289616207{margin-right: 0px !important;padding-right: 0px !important;}&#8220;][vc_single_image image=&#8220;775&#8243; img_size=&#8220;1000&#215;1000&#8243; alignment=&#8220;center&#8220; css=&#8220;.vc_custom_1647613445837{margin-right: 0px !important;margin-bottom: 0px !important;margin-left: 0px !important;padding-right: 0px !important;padding-bottom: 0px !important;padding-left: 0px !important;}&#8220;]<div class=\"ult-spacer spacer-69ea1b9b3b431\" data-id=\"69ea1b9b3b431\" data-height=\"25\" data-height-mobile=\"25\" data-height-tab=\"25\" data-height-tab-portrait=\"\" data-height-mobile-landscape=\"\" style=\"clear:both;display:block;\"><\/div>[vc_custom_heading text=&#8220;Die korsischen Berge&#8220; font_container=&#8220;tag:h3|text_align:left&#8220; use_theme_fonts=&#8220;yes&#8220;]<div class=\"ult-spacer spacer-69ea1b9b3b442\" data-id=\"69ea1b9b3b442\" data-height=\"10\" data-height-mobile=\"10\" data-height-tab=\"10\" data-height-tab-portrait=\"\" data-height-mobile-landscape=\"\" style=\"clear:both;display:block;\"><\/div>[vc_column_text css=&#8220;.vc_custom_1653400411599{margin-bottom: 0px !important;}&#8220;]<\/p>\n<p style=\"text-align: justify;\">Eine Stunde von Bonifacio entfernt k\u00f6nnen Sie die Umgebung wechseln und in die Berge in Richtung Ospedale eintauchen, um die atemberaubenden Felsnadeln von Bavella und die umliegenden Stufen zu entdecken. Schwimmen Sie in den kristallklaren Naturpools und machen Sie einen Spaziergang am Flussufer. Erleben Sie Canyoning oder Baumklettern!<\/p>\n<p>[\/vc_column_text]<div class=\"ult-spacer spacer-69ea1b9b3b458\" data-id=\"69ea1b9b3b458\" data-height=\"100\" data-height-mobile=\"50\" data-height-tab=\"\" data-height-tab-portrait=\"\" data-height-mobile-landscape=\"\" style=\"clear:both;display:block;\"><\/div>[\/vc_column][\/vc_row][vc_row full_width=&#8220;stretch_row_content&#8220; css=&#8220;.vc_custom_1647353730175{background-color: #e6e2db !important;}&#8220;][vc_column width=&#8220;2\/3&#8243; css=&#8220;.vc_custom_1627568547497{margin-top: 0px !important;margin-right: 0px !important;margin-bottom: 0px !important;margin-left: 0px !important;border-bottom-width: 0px !important;padding-top: 0px !important;padding-right: 0px !important;padding-left: 0px !important;}&#8220;][vc_single_image image=&#8220;214&#8243; img_size=&#8220;1200&#215;650&#8243; alignment=&#8220;center&#8220; css=&#8220;.vc_custom_1641388653146{margin-top: 0px !important;margin-right: 0px !important;margin-bottom: 0px !important;margin-left: 0px !important;padding-top: 0px !important;padding-right: 0px !important;padding-bottom: 0px !important;padding-left: 0px !important;}&#8220;][\/vc_column][vc_column width=&#8220;1\/3&#8243; css=&#8220;.vc_custom_1627568609056{margin-right: 0px !important;margin-left: 0px !important;padding-top: 50px !important;padding-right: 25px !important;padding-bottom: 50px !important;padding-left: 25px !important;}&#8220;]<div class=\"ult-spacer spacer-69ea1b9b3b468\" data-id=\"69ea1b9b3b468\" data-height=\"25\" data-height-mobile=\"25\" data-height-tab=\"25\" data-height-tab-portrait=\"\" data-height-mobile-landscape=\"\" style=\"clear:both;display:block;\"><\/div>[vc_custom_heading text=&#8220;Direkt buchen&#8220; font_container=&#8220;tag:h3|text_align:left&#8220; use_theme_fonts=&#8220;yes&#8220;][vc_custom_heading text=&#8220;Vorteile&#8220; font_container=&#8220;tag:h5|text_align:left&#8220; use_theme_fonts=&#8220;yes&#8220;]<div class=\"ult-spacer spacer-69ea1b9b3b477\" data-id=\"69ea1b9b3b477\" data-height=\"25\" data-height-mobile=\"25\" data-height-tab=\"25\" data-height-tab-portrait=\"\" data-height-mobile-landscape=\"\" style=\"clear:both;display:block;\"><\/div>[vc_column_text css=&#8220;.vc_custom_1653400494667{margin-bottom: 0px !important;}&#8220;]Bestpreis garantiert<\/p>\n<p>Sonderangebote<\/p>\n<p>Keine Geb\u00fchren f\u00fcr Buchungen<\/p>\n<p>Flexiblere Stornierung<\/p>\n<p>Direkt kommunizieren &#8211; keine Mittelsm\u00e4nner<\/p>\n<p>Buchungen ohne \u00dcberraschungen<\/p>\n<p>Aufenthalt auf Ihre Bed\u00fcrfnisse zugeschnitten[\/vc_column_text]<div class=\"ult-spacer spacer-69ea1b9b3b487\" data-id=\"69ea1b9b3b487\" data-height=\"10\" data-height-mobile=\"10\" data-height-tab=\"10\" data-height-tab-portrait=\"\" data-height-mobile-landscape=\"\" style=\"clear:both;display:block;\"><\/div><style type=\"text\/css\" data-type=\"the7_shortcodes-inline-css\">#default-btn-1634d1510785fe220e3f940ba204d2b6.ico-right-side > i {\n  margin-right: 0px;\n  margin-left: 8px;\n}\n#default-btn-1634d1510785fe220e3f940ba204d2b6 > i {\n  margin-right: 8px;\n}\n<\/style><a href=\"https:\/\/residence-casarina.com\/de\/unterkunft\/\" class=\"default-btn-shortcode dt-btn dt-btn-m link-hover-off btn-inline-left \" id=\"default-btn-1634d1510785fe220e3f940ba204d2b6\" title=\"Unterkunft\"><span>Entdecken Sie unsere Unterk\u00fcnfte<\/span><\/a><div class=\"ult-spacer spacer-69ea1b9b3b4ec\" data-id=\"69ea1b9b3b4ec\" data-height=\"25\" data-height-mobile=\"25\" data-height-tab=\"25\" data-height-tab-portrait=\"\" data-height-mobile-landscape=\"\" style=\"clear:both;display:block;\"><\/div>[\/vc_column][\/vc_row][vc_row full_width=&#8220;stretch_row_content_no_spaces&#8220;][vc_column css=&#8220;.vc_custom_1627559679722{padding-top: 0px !important;}&#8220;]<div class=\"ult-spacer spacer-69ea1b9b3b4fd\" data-id=\"69ea1b9b3b4fd\" data-height=\"100\" data-height-mobile=\"50\" data-height-tab=\"\" data-height-tab-portrait=\"\" data-height-mobile-landscape=\"\" style=\"clear:both;display:block;\"><\/div><div class=\"sbvcgmap-map-wrapper\" style=\"width:100%;height:400px\"><div class=\"sbvcgmap-map\" zoom=\"8\" maptype=\"ROADMAP\" panoramatogglebutton=\"no\" pancontrol=\"yes\" pancontrol_position=\"TOP_LEFT\" zoomcontrol=\"no\" zoomcontrol_position=\"TOP_LEFT\" zoomcontrolstyle=\"SMALL\" maptypecontrol=\"yes\" maptypecontrol_position=\"TOP_RIGHT\" streetviewcontrol=\"yes\" streetviewcontrol_position=\"TOP_LEFT\" overviewmapcontrol=\"yes\" overviewmapcontrolvisible=\"no\" maptypecontrolstyle=\"DEFAULT\" mapstyle=\"style-32\" weather=\"no\" traffic=\"no\" transit=\"no\" bicycle=\"no\" panoramio=\"no\" draggable=\"yes\" scrollwheel=\"no\" cplatitude=\"0\" cplongitude=\"0\" scalecontrol=\"yes\" searchtype=\"disabled\" searchradius=\"500\" searchiconanimation=\"NONE\" searchdirectiontext=\"\" reloadonresize=\"no\" clustering=\"no\" style=\"width:100%;height:400px\"><div class=\"sbvcgmap-marker\" data-lat=\"41.406802936359\" data-lng=\"9.2116424423292\" infowindow=\"no\" animation=\"NONE\" customstyles=\"no\" ><\/div><\/div><\/div>[\/vc_column][\/vc_row]<\/p>\n<\/div>","protected":false},"excerpt":{"rendered":"<p>[vc_row css=&#8220;.vc_custom_1686922502843{padding-right: 10px !important;padding-left: 10px !important;}&#8220;][vc_column][\/vc_column][\/vc_row][vc_row full_width=&#8220;stretch_row_content&#8220; css=&#8220;.vc_custom_1627481226197{padding-right: 15px !important;padding-left: 15px !important;}&#8220;][vc_column width=&#8220;1\/4&#8243;][\/vc_column][vc_column width=&#8220;1\/2&#8243;][vc_custom_heading text=&#8220;Die Residenz Casarina, die ideale Lage, um den S\u00fcden Korsikas zu besuchen&#8220; font_container=&#8220;tag:h1|text_align:center|line_height:26px&#8220; use_theme_fonts=&#8220;yes&#8220;][vc_column_text] In einer wilden und gesch\u00fctzten Umgebung bietet Ihnen unser Reiseziel von April bis Oktober eine Vielzahl von Aktivit\u00e4ten. Die Gelegenheit f\u00fcr Gro\u00df und Klein, intensive Momente zu&hellip;<\/p>\n","protected":false},"author":1,"featured_media":0,"parent":0,"menu_order":5,"comment_status":"closed","ping_status":"closed","template":"","meta":{"footnotes":""},"class_list":["post-968","page","type-page","status-publish","hentry","description-off"],"aioseo_notices":[],"_links":{"self":[{"href":"https:\/\/residence-casarina.com\/de\/wp-json\/wp\/v2\/pages\/968","targetHints":{"allow":["GET"]}}],"collection":[{"href":"https:\/\/residence-casarina.com\/de\/wp-json\/wp\/v2\/pages"}],"about":[{"href":"https:\/\/residence-casarina.com\/de\/wp-json\/wp\/v2\/types\/page"}],"author":[{"embeddable":true,"href":"https:\/\/residence-casarina.com\/de\/wp-json\/wp\/v2\/users\/1"}],"replies":[{"embeddable":true,"href":"https:\/\/residence-casarina.com\/de\/wp-json\/wp\/v2\/comments?post=968"}],"version-history":[{"count":7,"href":"https:\/\/residence-casarina.com\/de\/wp-json\/wp\/v2\/pages\/968\/revisions"}],"predecessor-version":[{"id":1516,"href":"https:\/\/residence-casarina.com\/de\/wp-json\/wp\/v2\/pages\/968\/revisions\/1516"}],"wp:attachment":[{"href":"https:\/\/residence-casarina.com\/de\/wp-json\/wp\/v2\/media?parent=968"}],"curies":[{"name":"wp","href":"https:\/\/api.w.org\/{rel}","templated":true}]}}