{"id":947,"date":"2022-05-23T23:22:32","date_gmt":"2022-05-23T21:22:32","guid":{"rendered":"https:\/\/residence-casarina.com\/?page_id=947"},"modified":"2026-01-29T23:38:02","modified_gmt":"2026-01-29T22:38:02","slug":"fruehstuecksbuffet-foodtruck","status":"publish","type":"page","link":"https:\/\/residence-casarina.com\/de\/fruehstuecksbuffet-foodtruck\/","title":{"rendered":"Fr\u00fchst\u00fccksbuffet &#038; Foodtruck"},"content":{"rendered":"<div class=\"wpb-content-wrapper\"><p>[vc_row css=&#8220;.vc_custom_1686923272113{padding-right: 10px !important;padding-left: 10px !important;}&#8220;][vc_column]\n\t\t\t<!-- START Restauration REVOLUTION SLIDER 6.7.38 --><p class=\"rs-p-wp-fix\"><\/p>\n\t\t\t<rs-module-wrap id=\"rev_slider_2_1_wrapper\" data-source=\"gallery\" style=\"visibility:hidden;background:transparent;padding:20px;margin:0px auto;margin-top:0;margin-bottom:0;\">\n\t\t\t\t<rs-module id=\"rev_slider_2_1\" style=\"\" data-version=\"6.7.38\">\n\t\t\t\t\t<rs-slides style=\"overflow: hidden; position: absolute;\">\n\t\t\t\t\t\t<rs-slide style=\"position: absolute;\" data-key=\"rs-9\" data-title=\"Slide\" data-anim=\"adpr:false;\" data-in=\"o:0;\" data-out=\"a:false;\">\n\t\t\t\t\t\t\t<img decoding=\"async\" src=\"\/\/residence-casarina.com\/wp-content\/plugins\/revslider\/sr6\/assets\/assets\/dummy.png\" alt=\"\" title=\"residence-hoteliere-bonifacio-corse-sud-jardin-piscine-terrasse-petit-dejeuner\" width=\"1800\" height=\"1200\" class=\"rev-slidebg tp-rs-img rs-lazyload\" data-lazyload=\"\/\/residence-casarina.com\/wp-content\/uploads\/2023\/06\/residence-hoteliere-bonifacio-corse-sud-jardin-piscine-terrasse-petit-dejeuner.jpg\" data-no-retina>\n<!---->\t\t\t\t\t<\/rs-slide>\n\t\t\t\t\t<\/rs-slides>\n\t\t\t\t<\/rs-module>\n\t\t\t\t<script>\n\t\t\t\t\tsetREVStartSize({c: 'rev_slider_2_1',rl:[1240,1024,778,480],el:[700],gw:[1240],gh:[700],type:'standard',justify:'',layout:'fullwidth',mh:\"0\"});if (window.RS_MODULES!==undefined && window.RS_MODULES.modules!==undefined && window.RS_MODULES.modules[\"revslider21\"]!==undefined) {window.RS_MODULES.modules[\"revslider21\"].once = false;window.revapi2 = undefined;if (window.RS_MODULES.checkMinimal!==undefined) window.RS_MODULES.checkMinimal()}\n\t\t\t\t<\/script>\n\t\t\t<\/rs-module-wrap>\n\t\t\t<!-- END REVOLUTION SLIDER -->\n[\/vc_column][\/vc_row][vc_row full_width=&#8220;stretch_row_content&#8220; css=&#8220;.vc_custom_1627481226197{padding-right: 15px !important;padding-left: 15px !important;}&#8220;][vc_column width=&#8220;1\/4&#8243;][\/vc_column][vc_column width=&#8220;1\/2&#8243;]<div class=\"ult-spacer spacer-69e20a8d3b235\" data-id=\"69e20a8d3b235\" data-height=\"100\" data-height-mobile=\"50\" data-height-tab=\"\" data-height-tab-portrait=\"\" data-height-mobile-landscape=\"\" style=\"clear:both;display:block;\"><\/div>[vc_custom_heading text=&#8220;Unsere Restaurierung&#8220; font_container=&#8220;tag:h1|text_align:center|line_height:26px&#8220; use_theme_fonts=&#8220;yes&#8220;]<div class=\"ult-spacer spacer-69e20a8d3b26c\" data-id=\"69e20a8d3b26c\" data-height=\"20\" data-height-mobile=\"10\" data-height-tab=\"\" data-height-tab-portrait=\"\" data-height-mobile-landscape=\"\" style=\"clear:both;display:block;\"><\/div>[vc_column_text css=&#8220;&#8220;]Sanft in den Tag starten, genussvoll weitermachen \u2013 hier wird jede Pause zu einem Augenblick puren Genusses.[\/vc_column_text]<div class=\"ult-spacer spacer-69e20a8d3b28f\" data-id=\"69e20a8d3b28f\" data-height=\"100\" data-height-mobile=\"50\" data-height-tab=\"\" data-height-tab-portrait=\"\" data-height-mobile-landscape=\"\" style=\"clear:both;display:block;\"><\/div>[\/vc_column][vc_column width=&#8220;1\/4&#8243;][\/vc_column][\/vc_row][vc_row full_width=&#8220;stretch_row_content&#8220; css=&#8220;.vc_custom_1627557418491{padding-right: 25px !important;padding-left: 25px !important;background-color: #f3eee8 !important;}&#8220;][vc_column width=&#8220;1\/2&#8243;]<div class=\"ult-spacer spacer-69e20a8d3b2ae\" data-id=\"69e20a8d3b2ae\" data-height=\"100\" data-height-mobile=\"50\" data-height-tab=\"\" data-height-tab-portrait=\"\" data-height-mobile-landscape=\"\" style=\"clear:both;display:block;\"><\/div>[vc_single_image image=&#8220;1087&#8243; img_size=&#8220;1000&#215;1000&#8243; alignment=&#8220;center&#8220; css=&#8220;.vc_custom_1666011055599{margin-bottom: 0px !important;margin-left: 0px !important;padding-bottom: 0px !important;padding-left: 0px !important;}&#8220;]<div class=\"ult-spacer spacer-69e20a8d3b2cc\" data-id=\"69e20a8d3b2cc\" data-height=\"25\" data-height-mobile=\"25\" data-height-tab=\"25\" data-height-tab-portrait=\"\" data-height-mobile-landscape=\"\" style=\"clear:both;display:block;\"><\/div>[vc_custom_heading text=&#8220;Fr\u00fchst\u00fccksbuffet&#8220; font_container=&#8220;tag:h3|text_align:left&#8220; use_theme_fonts=&#8220;yes&#8220;]<div class=\"ult-spacer spacer-69e20a8d3b2e9\" data-id=\"69e20a8d3b2e9\" data-height=\"10\" data-height-mobile=\"10\" data-height-tab=\"10\" data-height-tab-portrait=\"\" data-height-mobile-landscape=\"\" style=\"clear:both;display:block;\"><\/div>[vc_column_text css=&#8220;.vc_custom_1751197113310{margin-bottom: 0px !important;}&#8220;]<\/p>\n<p style=\"text-align: justify;\">Beginnen Sie den Tag ganz entspannt an unserem Fr\u00fchst\u00fccksbuffet \u2013 wahlweise auf der offenen Terrasse mit Blick ins Gr\u00fcne oder in unseren gem\u00fctlichen Gartensitzbereichen. Jeden Morgen erwartet Sie eine k\u00f6stliche Auswahl \u00fcberwiegend regionaler, saisonaler und hausgemachter Produkte: handgemachte Konfit\u00fcren, Aufstriche, Honig und Kekse von lokalen Produzenten, frisch gepresster Orangensaft, Wurst- und K\u00e4sespezialit\u00e4ten aus der Region, hausgemachtes Granola und Chia-Pudding\u2026 Ein wahres Sinneserlebnis f\u00fcr einen perfekten Start in den Tag<\/p>\n<p>[\/vc_column_text]<div class=\"ult-spacer spacer-69e20a8d3b307\" data-id=\"69e20a8d3b307\" data-height=\"100\" data-height-mobile=\"50\" data-height-tab=\"\" data-height-tab-portrait=\"\" data-height-mobile-landscape=\"\" style=\"clear:both;display:block;\"><\/div>[\/vc_column][vc_column width=&#8220;1\/2&#8243;]<div class=\"ult-spacer spacer-69e20a8d3b324\" data-id=\"69e20a8d3b324\" data-height=\"100\" data-height-mobile=\"50\" data-height-tab=\"\" data-height-tab-portrait=\"\" data-height-mobile-landscape=\"\" style=\"clear:both;display:block;\"><\/div>[vc_single_image image=&#8220;1799&#8243; img_size=&#8220;1000&#215;1000&#8243; alignment=&#8220;center&#8220; css=&#8220;.vc_custom_1769726277004{margin-bottom: 0px !important;margin-left: 0px !important;padding-bottom: 0px !important;padding-left: 0px !important;}&#8220;]<div class=\"ult-spacer spacer-69e20a8d3b33f\" data-id=\"69e20a8d3b33f\" data-height=\"25\" data-height-mobile=\"25\" data-height-tab=\"25\" data-height-tab-portrait=\"\" data-height-mobile-landscape=\"\" style=\"clear:both;display:block;\"><\/div>[vc_custom_heading text=&#8220;Foodtruck&#8220; font_container=&#8220;tag:h3|text_align:left&#8220; use_theme_fonts=&#8220;yes&#8220;]<div class=\"ult-spacer spacer-69e20a8d3b35b\" data-id=\"69e20a8d3b35b\" data-height=\"10\" data-height-mobile=\"10\" data-height-tab=\"10\" data-height-tab-portrait=\"\" data-height-mobile-landscape=\"\" style=\"clear:both;display:block;\"><\/div>[vc_column_text css=&#8220;.vc_custom_1768567898118{margin-bottom: 0px !important;}&#8220;]<\/p>\n<p data-start=\"655\" data-end=\"881\"><strong data-start=\"655\" data-end=\"726\">G\u00f6nnen Sie sich eine leckere Pause an unserem Citro\u00ebn HY Foodtruck!<\/strong><br data-start=\"726\" data-end=\"729\" \/>Den ganzen Tag \u00fcber verw\u00f6hnen wir Sie mit unserem Snack- und Getr\u00e4nkeangebot, das <strong data-start=\"811\" data-end=\"868\">authentische Aromen mit unkomplizierter Gem\u00fctlichkeit<\/strong> verbindet.<\/p>\n<ul data-start=\"883\" data-end=\"1078\">\n<li data-start=\"883\" data-end=\"981\">\n<p data-start=\"885\" data-end=\"981\"><strong data-start=\"885\" data-end=\"916\">Hausgemachte K\u00f6stlichkeiten<\/strong>: frische Salate, leckere Risottos, Hot Dogs \u2026 und vieles mehr!<\/p>\n<\/li>\n<li data-start=\"982\" data-end=\"1078\">\n<p data-start=\"984\" data-end=\"1078\"><strong data-start=\"984\" data-end=\"1016\">Getr\u00e4nke f\u00fcr jeden Geschmack<\/strong>: Kaffee, Tee, frische S\u00e4fte, Smoothies oder auch Cocktails.<\/p>\n<\/li>\n<\/ul>\n<p data-start=\"1080\" data-end=\"1223\">Ob f\u00fcr eine kleine Pause oder einen Snack unterwegs \u2013 unser Foodtruck ist <strong data-start=\"1154\" data-end=\"1222\">die ideale Station f\u00fcr einen genussvollen und entspannten Moment<\/strong>.<\/p>\n<p>[\/vc_column_text]<div class=\"ult-spacer spacer-69e20a8d3b376\" data-id=\"69e20a8d3b376\" data-height=\"100\" data-height-mobile=\"50\" data-height-tab=\"\" data-height-tab-portrait=\"\" data-height-mobile-landscape=\"\" style=\"clear:both;display:block;\"><\/div>[\/vc_column][\/vc_row][vc_row full_width=&#8220;stretch_row_content&#8220; disable_element=&#8220;yes&#8220; css=&#8220;.vc_custom_1696455303187{padding-right: 25px !important;padding-left: 25px !important;background-color: #f3eee8 !important;}&#8220;][vc_column width=&#8220;1\/2&#8243;]<div class=\"ult-spacer spacer-69e20a8d3b392\" data-id=\"69e20a8d3b392\" data-height=\"100\" data-height-mobile=\"50\" data-height-tab=\"\" data-height-tab-portrait=\"\" data-height-mobile-landscape=\"\" style=\"clear:both;display:block;\"><\/div>[vc_single_image image=&#8220;1087&#8243; img_size=&#8220;1000&#215;1000&#8243; alignment=&#8220;center&#8220; css=&#8220;.vc_custom_1666011055599{margin-bottom: 0px !important;margin-left: 0px !important;padding-bottom: 0px !important;padding-left: 0px !important;}&#8220;]<div class=\"ult-spacer spacer-69e20a8d3b3ab\" data-id=\"69e20a8d3b3ab\" data-height=\"25\" data-height-mobile=\"25\" data-height-tab=\"25\" data-height-tab-portrait=\"\" data-height-mobile-landscape=\"\" style=\"clear:both;display:block;\"><\/div>[vc_custom_heading text=&#8220;Fr\u00fchst\u00fccksbuffet&#8220; font_container=&#8220;tag:h3|text_align:left&#8220; use_theme_fonts=&#8220;yes&#8220;]<div class=\"ult-spacer spacer-69e20a8d3b3c4\" data-id=\"69e20a8d3b3c4\" data-height=\"10\" data-height-mobile=\"10\" data-height-tab=\"10\" data-height-tab-portrait=\"\" data-height-mobile-landscape=\"\" style=\"clear:both;display:block;\"><\/div>[vc_column_text css=&#8220;.vc_custom_1686566665361{margin-bottom: 0px !important;}&#8220;]<\/p>\n<p style=\"text-align: justify;\">Das Fr\u00fchst\u00fccksbuffet wird auf der Terrasse mit Blick auf den Park oder in den Gartenlounges mit Blick auf den Pool serviert. Hier finden Sie lokale, saisonale und hausgemachte Produkte, um Ihren Gaumen zu verw\u00f6hnen und den Tag auf die angenehmste Weise zu beginnen!<\/p>\n<p>[\/vc_column_text]<div class=\"ult-spacer spacer-69e20a8d3b3dc\" data-id=\"69e20a8d3b3dc\" data-height=\"100\" data-height-mobile=\"50\" data-height-tab=\"\" data-height-tab-portrait=\"\" data-height-mobile-landscape=\"\" style=\"clear:both;display:block;\"><\/div>[\/vc_column][vc_column width=&#8220;1\/2&#8243;]<div class=\"ult-spacer spacer-69e20a8d3b3f5\" data-id=\"69e20a8d3b3f5\" data-height=\"100\" data-height-mobile=\"50\" data-height-tab=\"\" data-height-tab-portrait=\"\" data-height-mobile-landscape=\"\" style=\"clear:both;display:block;\"><\/div>[vc_single_image image=&#8220;716&#8243; img_size=&#8220;1000&#215;1000&#8243; alignment=&#8220;center&#8220; css=&#8220;.vc_custom_1675463625045{margin-bottom: 0px !important;margin-left: 0px !important;padding-bottom: 0px !important;padding-left: 0px !important;}&#8220;]<div class=\"ult-spacer spacer-69e20a8d3b40e\" data-id=\"69e20a8d3b40e\" data-height=\"25\" data-height-mobile=\"25\" data-height-tab=\"25\" data-height-tab-portrait=\"\" data-height-mobile-landscape=\"\" style=\"clear:both;display:block;\"><\/div>[vc_custom_heading text=&#8220;Foodtruck&#8220; font_container=&#8220;tag:h3|text_align:left&#8220; use_theme_fonts=&#8220;yes&#8220;]<div class=\"ult-spacer spacer-69e20a8d3b426\" data-id=\"69e20a8d3b426\" data-height=\"10\" data-height-mobile=\"10\" data-height-tab=\"10\" data-height-tab-portrait=\"\" data-height-mobile-landscape=\"\" style=\"clear:both;display:block;\"><\/div>[vc_column_text css=&#8220;.vc_custom_1686566681422{margin-bottom: 0px !important;}&#8220;]<\/p>\n<p style=\"text-align: justify;\">In dieser Saison finden Sie die Gl\u00e4ser unseres Partners Vrai &amp; Bon, Gourmet-Rezepte, die von ihrem Handwerksmeister zubereitet werden. Wir bieten Ihnen auch eine Auswahl an hei\u00dfen und kalten Getr\u00e4nken f\u00fcr Ihre kleinen W\u00fcnsche zu jeder Tageszeit.<\/p>\n<p>[\/vc_column_text]<div class=\"ult-spacer spacer-69e20a8d3b43e\" data-id=\"69e20a8d3b43e\" data-height=\"100\" data-height-mobile=\"50\" data-height-tab=\"\" data-height-tab-portrait=\"\" data-height-mobile-landscape=\"\" style=\"clear:both;display:block;\"><\/div>[\/vc_column][\/vc_row][vc_row full_width=&#8220;stretch_row_content&#8220; css=&#8220;.vc_custom_1627568615564{background-color: #e6e2db !important;}&#8220;][vc_column width=&#8220;2\/3&#8243; css=&#8220;.vc_custom_1627568547497{margin-top: 0px !important;margin-right: 0px !important;margin-bottom: 0px !important;margin-left: 0px !important;border-bottom-width: 0px !important;padding-top: 0px !important;padding-right: 0px !important;padding-left: 0px !important;}&#8220;][vc_single_image image=&#8220;216&#8243; img_size=&#8220;1200&#215;650&#8243; alignment=&#8220;center&#8220; css=&#8220;.vc_custom_1641388653146{margin-top: 0px !important;margin-right: 0px !important;margin-bottom: 0px !important;margin-left: 0px !important;padding-top: 0px !important;padding-right: 0px !important;padding-bottom: 0px !important;padding-left: 0px !important;}&#8220;][\/vc_column][vc_column width=&#8220;1\/3&#8243; css=&#8220;.vc_custom_1627568609056{margin-right: 0px !important;margin-left: 0px !important;padding-top: 50px !important;padding-right: 25px !important;padding-bottom: 50px !important;padding-left: 25px !important;}&#8220;]<div class=\"ult-spacer spacer-69e20a8d3b456\" data-id=\"69e20a8d3b456\" data-height=\"25\" data-height-mobile=\"25\" data-height-tab=\"25\" data-height-tab-portrait=\"\" data-height-mobile-landscape=\"\" style=\"clear:both;display:block;\"><\/div>[vc_custom_heading text=&#8220;Direkt buchen&#8220; font_container=&#8220;tag:h3|text_align:left&#8220; use_theme_fonts=&#8220;yes&#8220;][vc_custom_heading text=&#8220;Vorteile&#8220; font_container=&#8220;tag:h5|text_align:left&#8220; use_theme_fonts=&#8220;yes&#8220;]<div class=\"ult-spacer spacer-69e20a8d3b46c\" data-id=\"69e20a8d3b46c\" data-height=\"25\" data-height-mobile=\"25\" data-height-tab=\"25\" data-height-tab-portrait=\"\" data-height-mobile-landscape=\"\" style=\"clear:both;display:block;\"><\/div>[vc_column_text css=&#8220;.vc_custom_1663620225783{margin-bottom: 0px !important;}&#8220;]Bestpreis garantiert<\/p>\n<p>Sonderangebote<\/p>\n<p>Keine Geb\u00fchren f\u00fcr Buchungen<\/p>\n<p>Flexiblere Stornierung<\/p>\n<p>Direkt kommunizieren &#8211; keine Mittelsm\u00e4nner<\/p>\n<p>Buchungen ohne \u00dcberraschungen<\/p>\n<p>Aufenthalt auf Ihre Bed\u00fcrfnisse zugeschnitten[\/vc_column_text]<div class=\"ult-spacer spacer-69e20a8d3b483\" data-id=\"69e20a8d3b483\" data-height=\"10\" data-height-mobile=\"10\" data-height-tab=\"10\" data-height-tab-portrait=\"\" data-height-mobile-landscape=\"\" style=\"clear:both;display:block;\"><\/div><style type=\"text\/css\" data-type=\"the7_shortcodes-inline-css\">#default-btn-723ae3b88d136a5b971d8e05ffc8c8af.ico-right-side > i {\n  margin-right: 0px;\n  margin-left: 8px;\n}\n#default-btn-723ae3b88d136a5b971d8e05ffc8c8af > i {\n  margin-right: 8px;\n}\n<\/style><a href=\"https:\/\/residence-casarina.com\/de\/residenz\/\" class=\"default-btn-shortcode dt-btn dt-btn-m link-hover-off btn-inline-left \" id=\"default-btn-723ae3b88d136a5b971d8e05ffc8c8af\" title=\"entdecken Sie unsere Unterk\u00fcnfte\"><span>entdecken Sie unsere Unterk\u00fcnfte<\/span><\/a><div class=\"ult-spacer spacer-69e20a8d3b5e0\" data-id=\"69e20a8d3b5e0\" data-height=\"25\" data-height-mobile=\"25\" data-height-tab=\"25\" data-height-tab-portrait=\"\" data-height-mobile-landscape=\"\" style=\"clear:both;display:block;\"><\/div>[\/vc_column][\/vc_row][vc_row][vc_column]<div class=\"ult-spacer spacer-69e20a8d3b600\" data-id=\"69e20a8d3b600\" data-height=\"100\" data-height-mobile=\"50\" data-height-tab=\"\" data-height-tab-portrait=\"\" data-height-mobile-landscape=\"\" style=\"clear:both;display:block;\"><\/div>[\/vc_column][\/vc_row]<\/p>\n<\/div>","protected":false},"excerpt":{"rendered":"<p>[vc_row css=&#8220;.vc_custom_1686923272113{padding-right: 10px !important;padding-left: 10px !important;}&#8220;][vc_column][\/vc_column][\/vc_row][vc_row full_width=&#8220;stretch_row_content&#8220; css=&#8220;.vc_custom_1627481226197{padding-right: 15px !important;padding-left: 15px !important;}&#8220;][vc_column width=&#8220;1\/4&#8243;][\/vc_column][vc_column width=&#8220;1\/2&#8243;][vc_custom_heading text=&#8220;Unsere Restaurierung&#8220; font_container=&#8220;tag:h1|text_align:center|line_height:26px&#8220; use_theme_fonts=&#8220;yes&#8220;][vc_column_text css=&#8220;&#8220;]Sanft in den Tag starten, genussvoll weitermachen \u2013 hier wird jede Pause zu einem Augenblick puren Genusses.[\/vc_column_text][\/vc_column][vc_column width=&#8220;1\/4&#8243;][\/vc_column][\/vc_row][vc_row full_width=&#8220;stretch_row_content&#8220; css=&#8220;.vc_custom_1627557418491{padding-right: 25px !important;padding-left: 25px !important;background-color: #f3eee8 !important;}&#8220;][vc_column width=&#8220;1\/2&#8243;][vc_single_image image=&#8220;1087&#8243; img_size=&#8220;1000&#215;1000&#8243; alignment=&#8220;center&#8220; css=&#8220;.vc_custom_1666011055599{margin-bottom: 0px !important;margin-left: 0px !important;padding-bottom: 0px !important;padding-left:&hellip;<\/p>\n","protected":false},"author":1,"featured_media":0,"parent":0,"menu_order":3,"comment_status":"closed","ping_status":"closed","template":"","meta":{"footnotes":""},"class_list":["post-947","page","type-page","status-publish","hentry","description-off"],"aioseo_notices":[],"_links":{"self":[{"href":"https:\/\/residence-casarina.com\/de\/wp-json\/wp\/v2\/pages\/947","targetHints":{"allow":["GET"]}}],"collection":[{"href":"https:\/\/residence-casarina.com\/de\/wp-json\/wp\/v2\/pages"}],"about":[{"href":"https:\/\/residence-casarina.com\/de\/wp-json\/wp\/v2\/types\/page"}],"author":[{"embeddable":true,"href":"https:\/\/residence-casarina.com\/de\/wp-json\/wp\/v2\/users\/1"}],"replies":[{"embeddable":true,"href":"https:\/\/residence-casarina.com\/de\/wp-json\/wp\/v2\/comments?post=947"}],"version-history":[{"count":24,"href":"https:\/\/residence-casarina.com\/de\/wp-json\/wp\/v2\/pages\/947\/revisions"}],"predecessor-version":[{"id":1813,"href":"https:\/\/residence-casarina.com\/de\/wp-json\/wp\/v2\/pages\/947\/revisions\/1813"}],"wp:attachment":[{"href":"https:\/\/residence-casarina.com\/de\/wp-json\/wp\/v2\/media?parent=947"}],"curies":[{"name":"wp","href":"https:\/\/api.w.org\/{rel}","templated":true}]}}